{"id":1320,"date":"2025-10-22T09:36:42","date_gmt":"2025-10-22T09:36:42","guid":{"rendered":"https:\/\/new.blgari.eu\/contact\/"},"modified":"2026-03-24T13:56:16","modified_gmt":"2026-03-24T12:56:16","slug":"%d0%ba%d0%be%d0%bd%d1%82%d0%b0%d0%ba%d1%82%d0%b8","status":"publish","type":"page","link":"https:\/\/blgari.eu\/cs\/%d0%ba%d0%be%d0%bd%d1%82%d0%b0%d0%ba%d1%82%d0%b8\/","title":{"rendered":"Kontakty"},"content":{"rendered":"\t\t<div data-elementor-type=\"wp-page\" data-elementor-id=\"1320\" class=\"elementor elementor-1320\">\n\t\t\t\t<div class=\"elementor-element elementor-element-f3d06b3 e-flex e-con-boxed e-con e-parent\" data-id=\"f3d06b3\" data-element_type=\"container\" data-e-type=\"container\" data-settings=\"{&quot;background_background&quot;:&quot;classic&quot;}\">\n\t\t\t\t\t<div class=\"e-con-inner\">\n\t\t<div class=\"elementor-element elementor-element-c248003 e-flex e-con-boxed e-con e-child\" data-id=\"c248003\" data-element_type=\"container\" data-e-type=\"container\">\n\t\t\t\t\t<div class=\"e-con-inner\">\n\t\t\t\t\t<\/div>\n\t\t\t\t<\/div>\n\t\t\t\t\t<\/div>\n\t\t\t\t<\/div>\n\t\t<div class=\"elementor-element elementor-element-6753142 e-flex e-con-boxed e-con e-parent\" data-id=\"6753142\" data-element_type=\"container\" data-e-type=\"container\" data-settings=\"{&quot;background_background&quot;:&quot;classic&quot;}\">\n\t\t\t\t\t<div class=\"e-con-inner\">\n\t\t<div class=\"elementor-element elementor-element-e6c12b6 e-con-full e-flex e-con e-child\" data-id=\"e6c12b6\" data-element_type=\"container\" data-e-type=\"container\">\n\t\t<div class=\"elementor-element elementor-element-3251d36 e-flex e-con-boxed e-con e-child\" data-id=\"3251d36\" data-element_type=\"container\" data-e-type=\"container\">\n\t\t\t\t\t<div class=\"e-con-inner\">\n\t\t<div class=\"elementor-element elementor-element-b8ab7ad e-con-full e-flex e-con e-child\" data-id=\"b8ab7ad\" data-element_type=\"container\" data-e-type=\"container\">\n\t\t\t\t<div class=\"elementor-element elementor-element-e7ad7cd elementor-widget elementor-widget-heading\" data-id=\"e7ad7cd\" data-element_type=\"widget\" data-e-type=\"widget\" data-widget_type=\"heading.default\">\n\t\t\t\t<div class=\"elementor-widget-container\">\n\t\t\t\t\t<h4 class=\"elementor-heading-title elementor-size-default\">\u0421\u0432\u044a\u0440\u0436\u0435\u0442\u0435 \u0441\u0435 \u0441 \u043d\u0430\u0441<\/h4>\t\t\t\t<\/div>\n\t\t\t\t<\/div>\n\t\t\t\t<div class=\"elementor-element elementor-element-185d908 elementor-widget elementor-widget-icon-box\" data-id=\"185d908\" data-element_type=\"widget\" data-e-type=\"widget\" data-widget_type=\"icon-box.default\">\n\t\t\t\t<div class=\"elementor-widget-container\">\n\t\t\t\t\t\t\t<div class=\"elementor-icon-box-wrapper\">\n\n\t\t\t\n\t\t\t\t\t\t<div class=\"elementor-icon-box-content\">\n\n\t\t\t\t\t\t\t\t\t<h6 class=\"elementor-icon-box-title\">\n\t\t\t\t\t\t<span  >\n\t\t\t\t\t\t\tEMAIL\t\t\t\t\t\t<\/span>\n\t\t\t\t\t<\/h6>\n\t\t\t\t\n\t\t\t\t\t\t\t\t\t<p class=\"elementor-icon-box-description\">\n\t\t\t\t\t\tbalgari@atlas.cz\t\t\t\t\t<\/p>\n\t\t\t\t\n\t\t\t<\/div>\n\t\t\t\n\t\t<\/div>\n\t\t\t\t\t\t<\/div>\n\t\t\t\t<\/div>\n\t\t\t\t<div class=\"elementor-element elementor-element-eaad622 elementor-widget elementor-widget-icon-box\" data-id=\"eaad622\" data-element_type=\"widget\" data-e-type=\"widget\" data-widget_type=\"icon-box.default\">\n\t\t\t\t<div class=\"elementor-widget-container\">\n\t\t\t\t\t\t\t<div class=\"elementor-icon-box-wrapper\">\n\n\t\t\t\n\t\t\t\t\t\t<div class=\"elementor-icon-box-content\">\n\n\t\t\t\t\t\t\t\t\t<h6 class=\"elementor-icon-box-title\">\n\t\t\t\t\t\t<span  >\n\t\t\t\t\t\t\t\u0422\u0435\u043b\u0435\u0444\u043e\u043d \u043d\u043e\u043c\u0435\u0440\t\t\t\t\t\t<\/span>\n\t\t\t\t\t<\/h6>\n\t\t\t\t\n\t\t\t\t\t\t\t\t\t<p class=\"elementor-icon-box-description\">\n\t\t\t\t\t\t00420\/ 777 196 322\t\t\t\t\t<\/p>\n\t\t\t\t\n\t\t\t<\/div>\n\t\t\t\n\t\t<\/div>\n\t\t\t\t\t\t<\/div>\n\t\t\t\t<\/div>\n\t\t\t\t<div class=\"elementor-element elementor-element-a45bd6a elementor-widget elementor-widget-icon-box\" data-id=\"a45bd6a\" data-element_type=\"widget\" data-e-type=\"widget\" data-widget_type=\"icon-box.default\">\n\t\t\t\t<div class=\"elementor-widget-container\">\n\t\t\t\t\t\t\t<div class=\"elementor-icon-box-wrapper\">\n\n\t\t\t\n\t\t\t\t\t\t<div class=\"elementor-icon-box-content\">\n\n\t\t\t\t\t\t\t\t\t<h6 class=\"elementor-icon-box-title\">\n\t\t\t\t\t\t<a href=\"https:\/\/maps.app.goo.gl\/y4hMryNrqbz7YFT29\" target=\"_blank\" >\n\t\t\t\t\t\t\t\u0410\u0434\u0440\u0435\u0441\t\t\t\t\t\t<\/a>\n\t\t\t\t\t<\/h6>\n\t\t\t\t\n\t\t\t\t\t\t\t\t\t<p class=\"elementor-icon-box-description\">\n\t\t\t\t\t\to.s. Vazra\u017edane\nVocelova 3\n120 00 Praha 2\t\t\t\t\t<\/p>\n\t\t\t\t\n\t\t\t<\/div>\n\t\t\t\n\t\t<\/div>\n\t\t\t\t\t\t<\/div>\n\t\t\t\t<\/div>\n\t\t\t\t<div class=\"elementor-element elementor-element-1d16f0a elementor-shape-circle e-grid-align-left e-grid-align-mobile-center elementor-grid-0 elementor-widget elementor-widget-social-icons\" data-id=\"1d16f0a\" data-element_type=\"widget\" data-e-type=\"widget\" data-widget_type=\"social-icons.default\">\n\t\t\t\t<div class=\"elementor-widget-container\">\n\t\t\t\t\t\t\t<div class=\"elementor-social-icons-wrapper elementor-grid\">\n\t\t\t\t\t\t\t<span class=\"elementor-grid-item\">\n\t\t\t\t\t<a class=\"elementor-icon elementor-social-icon elementor-social-icon-facebook elementor-repeater-item-1f0ab3a\" href=\"https:\/\/www.facebook.com\/balgari.vazrazdane\" target=\"_blank\">\n\t\t\t\t\t\t<span class=\"elementor-screen-only\">Facebook<\/span>\n\t\t\t\t\t\t<i aria-hidden=\"true\" class=\"fab fa-facebook\"><\/i>\t\t\t\t\t<\/a>\n\t\t\t\t<\/span>\n\t\t\t\t\t<\/div>\n\t\t\t\t\t\t<\/div>\n\t\t\t\t<\/div>\n\t\t\t\t<\/div>\n\t\t<div class=\"elementor-element elementor-element-303e334 e-con-full e-flex e-con e-child\" data-id=\"303e334\" data-element_type=\"container\" data-e-type=\"container\">\n\t\t\t\t<div class=\"elementor-element elementor-element-4fb4811 elementor-widget elementor-widget-heading\" data-id=\"4fb4811\" data-element_type=\"widget\" data-e-type=\"widget\" data-widget_type=\"heading.default\">\n\t\t\t\t<div class=\"elementor-widget-container\">\n\t\t\t\t\t<h4 class=\"elementor-heading-title elementor-size-default\">\u041d\u0430\u043f\u0438\u0448\u0435\u0442\u0435 \u043d\u0438<\/h4>\t\t\t\t<\/div>\n\t\t\t\t<\/div>\n\t\t\t\t<div class=\"elementor-element elementor-element-e618af3 elementor-widget elementor-widget-shortcode\" data-id=\"e618af3\" data-element_type=\"widget\" data-e-type=\"widget\" data-widget_type=\"shortcode.default\">\n\t\t\t\t<div class=\"elementor-widget-container\">\n\t\t\t\t\t\t\t<div class=\"elementor-shortcode\"><div class=\"wpforms-container \" id=\"wpforms-26\"><form id=\"wpforms-form-26\" class=\"wpforms-validate wpforms-form wpforms-ajax-form\" data-formid=\"26\" method=\"post\" enctype=\"multipart\/form-data\" action=\"\/cs\/wp-json\/wp\/v2\/pages\/1320\" data-token=\"904b59dbfe5cabf06556e30b3c094302\" data-token-time=\"1778247362\"><noscript class=\"wpforms-error-noscript\">Chcete-li vyplnit tento formul\u00e1\u0159, pros\u00edm povolte v prohl\u00ed\u017ee\u010di JavaScript.<\/noscript><div class=\"wpforms-field-container\"><div id=\"wpforms-26-field_0-container\" class=\"wpforms-field wpforms-field-name\" data-field-id=\"0\"><label class=\"wpforms-field-label wpforms-label-hide\" for=\"wpforms-26-field_0\">Your Name <span class=\"wpforms-required-label\">*<\/span><\/label><input type=\"text\" id=\"wpforms-26-field_0\" class=\"wpforms-field-large wpforms-field-required\" name=\"wpforms[fields][0]\" placeholder=\"Your Name\" required><\/div><div id=\"wpforms-26-field_1-container\" class=\"wpforms-field wpforms-field-email\" data-field-id=\"1\"><label class=\"wpforms-field-label wpforms-label-hide\" for=\"wpforms-26-field_1\">Email Address <span class=\"wpforms-required-label\">*<\/span><\/label><input type=\"email\" id=\"wpforms-26-field_1\" class=\"wpforms-field-large wpforms-field-required\" name=\"wpforms[fields][1]\" placeholder=\"Your Email\" spellcheck=\"false\" required><\/div><div id=\"wpforms-26-field_2-container\" class=\"wpforms-field wpforms-field-textarea\" data-field-id=\"2\"><label class=\"wpforms-field-label wpforms-label-hide\" for=\"wpforms-26-field_2\">Your Message <span class=\"wpforms-required-label\">*<\/span><\/label><textarea id=\"wpforms-26-field_2\" class=\"wpforms-field-medium wpforms-field-required\" name=\"wpforms[fields][2]\" placeholder=\"Message\" required><\/textarea><\/div><\/div><!-- .wpforms-field-container --><div class=\"wpforms-submit-container\" ><input type=\"hidden\" name=\"wpforms[id]\" value=\"26\"><input type=\"hidden\" name=\"page_title\" value=\"\"><input type=\"hidden\" name=\"page_url\" value=\"https:\/\/blgari.eu\/cs\/wp-json\/wp\/v2\/pages\/1320\"><input type=\"hidden\" name=\"url_referer\" value=\"\"><button type=\"submit\" name=\"wpforms[submit]\" id=\"wpforms-submit-26\" class=\"wpforms-submit\" data-alt-text=\"Sending...\" data-submit-text=\"Send Message\" aria-live=\"assertive\" value=\"wpforms-submit\">Send Message<\/button><img decoding=\"async\" src=\"https:\/\/blgari.eu\/wp-content\/plugins\/wpforms-lite\/assets\/images\/submit-spin.svg\" class=\"wpforms-submit-spinner\" style=\"display: none;\" width=\"26\" height=\"26\" alt=\"Na\u010d\u00edt\u00e1n\u00ed\"><\/div><\/form><\/div>  <!-- .wpforms-container --><\/div>\n\t\t\t\t\t\t<\/div>\n\t\t\t\t<\/div>\n\t\t\t\t<\/div>\n\t\t\t\t\t<\/div>\n\t\t\t\t<\/div>\n\t\t\t\t<\/div>\n\t\t\t\t\t<\/div>\n\t\t\t\t<\/div>\n\t\t<div class=\"elementor-element elementor-element-267b2e7 e-flex e-con-boxed e-con e-parent\" data-id=\"267b2e7\" data-element_type=\"container\" data-e-type=\"container\" data-settings=\"{&quot;background_background&quot;:&quot;classic&quot;}\">\n\t\t\t\t\t<div class=\"e-con-inner\">\n\t\t\t\t\t<\/div>\n\t\t\t\t<\/div>\n\t\t<div class=\"elementor-element elementor-element-c63e3b8 e-flex e-con-boxed e-con e-parent\" data-id=\"c63e3b8\" data-element_type=\"container\" data-e-type=\"container\">\n\t\t\t\t\t<div class=\"e-con-inner\">\n\t\t\t\t<div class=\"elementor-element elementor-element-3e06601 elementor-widget elementor-widget-copyright\" data-id=\"3e06601\" data-element_type=\"widget\" data-e-type=\"widget\" data-settings=\"{&quot;align&quot;:&quot;center&quot;}\" data-widget_type=\"copyright.default\">\n\t\t\t\t<div class=\"elementor-widget-container\">\n\t\t\t\t\t\t\t<div class=\"hfe-copyright-wrapper\">\n\t\t\t\t\t\t\t<span>Copyright \u00a9 2026 \u0411\u042a\u041b\u0413\u0410\u0420\u0418 \u0441\u043f\u0438\u0441\u0430\u043d\u0438\u0435 \u0437\u0430 \u0411\u044a\u043b\u0433\u0430\u0440\u0438\u0442\u0435 \u0432 \u0427\u0435\u0445\u0438\u044f | Powered by \u0411\u042a\u041b\u0413\u0410\u0420\u0418 \u0441\u043f\u0438\u0441\u0430\u043d\u0438\u0435 \u0437\u0430 \u0411\u044a\u043b\u0433\u0430\u0440\u0438\u0442\u0435 \u0432 \u0427\u0435\u0445\u0438\u044f<\/span>\n\t\t\t\t\t<\/div>\n\t\t\t\t\t\t<\/div>\n\t\t\t\t<\/div>\n\t\t\t\t\t<\/div>\n\t\t\t\t<\/div>\n\t\t\t\t<\/div>\n\t\t","protected":false},"excerpt":{"rendered":"<p>\u0421\u0432\u044a\u0440\u0436\u0435\u0442\u0435 \u0441\u0435 \u0441 \u043d\u0430\u0441 EMAIL balgari@atlas.cz \u0422\u0435\u043b\u0435\u0444\u043e\u043d \u043d\u043e\u043c\u0435\u0440 00420\/ 777 196 322 \u0410\u0434\u0440\u0435\u0441 o.s. Vazra\u017edane Vocelova 3 120 00 Praha 2 Facebook \u041d\u0430\u043f\u0438\u0448\u0435\u0442\u0435 \u043d\u0438 Copyright \u00a9 | Powered by<\/p>","protected":false},"author":1,"featured_media":0,"parent":0,"menu_order":0,"comment_status":"closed","ping_status":"closed","template":"","meta":{"_acf_changed":false,"_uag_custom_page_level_css":"","footnotes":""},"class_list":["post-1320","page","type-page","status-publish","hentry"],"acf":[],"yoast_head":"<!-- This site is optimized with the Yoast SEO plugin v27.5 - https:\/\/yoast.com\/product\/yoast-seo-wordpress\/ -->\n<title>\u041a\u043e\u043d\u0442\u0430\u043a\u0442\u0438 - \u0411\u042a\u041b\u0413\u0410\u0420\u0418 \u0441\u043f\u0438\u0441\u0430\u043d\u0438\u0435 \u0437\u0430 \u0411\u044a\u043b\u0433\u0430\u0440\u0438\u0442\u0435 \u0432 \u0427\u0435\u0445\u0438\u044f<\/title>\n<meta name=\"robots\" content=\"index, follow, max-snippet:-1, max-image-preview:large, max-video-preview:-1\" \/>\n<link rel=\"canonical\" href=\"https:\/\/blgari.eu\/cs\/\u043a\u043e\u043d\u0442\u0430\u043a\u0442\u0438\/\" \/>\n<meta property=\"og:locale\" content=\"cs_CZ\" \/>\n<meta property=\"og:type\" content=\"article\" \/>\n<meta property=\"og:title\" content=\"\u041a\u043e\u043d\u0442\u0430\u043a\u0442\u0438 - \u0411\u042a\u041b\u0413\u0410\u0420\u0418 \u0441\u043f\u0438\u0441\u0430\u043d\u0438\u0435 \u0437\u0430 \u0411\u044a\u043b\u0433\u0430\u0440\u0438\u0442\u0435 \u0432 \u0427\u0435\u0445\u0438\u044f\" \/>\n<meta property=\"og:description\" content=\"\u0421\u0432\u044a\u0440\u0436\u0435\u0442\u0435 \u0441\u0435 \u0441 \u043d\u0430\u0441 EMAIL balgari@atlas.cz \u0422\u0435\u043b\u0435\u0444\u043e\u043d \u043d\u043e\u043c\u0435\u0440 00420\/ 777 196 322 \u0410\u0434\u0440\u0435\u0441 o.s. Vazra\u017edane Vocelova 3 120 00 Praha 2 Facebook \u041d\u0430\u043f\u0438\u0448\u0435\u0442\u0435 \u043d\u0438 Copyright \u00a9 | Powered by\" \/>\n<meta property=\"og:url\" content=\"https:\/\/blgari.eu\/cs\/\u043a\u043e\u043d\u0442\u0430\u043a\u0442\u0438\/\" \/>\n<meta property=\"og:site_name\" content=\"\u0411\u042a\u041b\u0413\u0410\u0420\u0418 \u0441\u043f\u0438\u0441\u0430\u043d\u0438\u0435 \u0437\u0430 \u0411\u044a\u043b\u0433\u0430\u0440\u0438\u0442\u0435 \u0432 \u0427\u0435\u0445\u0438\u044f\" \/>\n<meta property=\"article:modified_time\" content=\"2026-03-24T12:56:16+00:00\" \/>\n<meta property=\"og:image\" content=\"https:\/\/blgari.eu\/wp-content\/uploads\/2025\/10\/logo.png\" \/>\n\t<meta property=\"og:image:width\" content=\"1024\" \/>\n\t<meta property=\"og:image:height\" content=\"1024\" \/>\n\t<meta property=\"og:image:type\" content=\"image\/png\" \/>\n<meta name=\"twitter:card\" content=\"summary_large_image\" \/>\n<meta name=\"twitter:label1\" content=\"Odhadovan\u00e1 doba \u010dten\u00ed\" \/>\n\t<meta name=\"twitter:data1\" content=\"1 minuta\" \/>\n<script type=\"application\/ld+json\" class=\"yoast-schema-graph\">{\"@context\":\"https:\\\/\\\/schema.org\",\"@graph\":[{\"@type\":\"WebPage\",\"@id\":\"https:\\\/\\\/blgari.eu\\\/%d0%ba%d0%be%d0%bd%d1%82%d0%b0%d0%ba%d1%82%d0%b8\\\/\",\"url\":\"https:\\\/\\\/blgari.eu\\\/%d0%ba%d0%be%d0%bd%d1%82%d0%b0%d0%ba%d1%82%d0%b8\\\/\",\"name\":\"\u041a\u043e\u043d\u0442\u0430\u043a\u0442\u0438 - \u0411\u042a\u041b\u0413\u0410\u0420\u0418 \u0441\u043f\u0438\u0441\u0430\u043d\u0438\u0435 \u0437\u0430 \u0411\u044a\u043b\u0433\u0430\u0440\u0438\u0442\u0435 \u0432 \u0427\u0435\u0445\u0438\u044f\",\"isPartOf\":{\"@id\":\"https:\\\/\\\/blgari.eu\\\/#website\"},\"datePublished\":\"2025-10-22T09:36:42+00:00\",\"dateModified\":\"2026-03-24T12:56:16+00:00\",\"breadcrumb\":{\"@id\":\"https:\\\/\\\/blgari.eu\\\/%d0%ba%d0%be%d0%bd%d1%82%d0%b0%d0%ba%d1%82%d0%b8\\\/#breadcrumb\"},\"inLanguage\":\"cs\",\"potentialAction\":[{\"@type\":\"ReadAction\",\"target\":[\"https:\\\/\\\/blgari.eu\\\/%d0%ba%d0%be%d0%bd%d1%82%d0%b0%d0%ba%d1%82%d0%b8\\\/\"]}]},{\"@type\":\"BreadcrumbList\",\"@id\":\"https:\\\/\\\/blgari.eu\\\/%d0%ba%d0%be%d0%bd%d1%82%d0%b0%d0%ba%d1%82%d0%b8\\\/#breadcrumb\",\"itemListElement\":[{\"@type\":\"ListItem\",\"position\":1,\"name\":\"Home\",\"item\":\"https:\\\/\\\/blgari.eu\\\/\"},{\"@type\":\"ListItem\",\"position\":2,\"name\":\"\u041a\u043e\u043d\u0442\u0430\u043a\u0442\u0438\"}]},{\"@type\":\"WebSite\",\"@id\":\"https:\\\/\\\/blgari.eu\\\/#website\",\"url\":\"https:\\\/\\\/blgari.eu\\\/\",\"name\":\"\u0411\u042a\u041b\u0413\u0410\u0420\u0418 \u0441\u043f\u0438\u0441\u0430\u043d\u0438\u0435 \u0437\u0430 \u0411\u044a\u043b\u0433\u0430\u0440\u0438\u0442\u0435 \u0432 \u0427\u0435\u0445\u0438\u044f\",\"description\":\"\u0421\u043f\u0438\u0441\u0430\u043d\u0438\u0435 \u0437\u0430 \u0431\u044a\u043b\u0433\u0430\u0440\u0438\u0442\u0435 \u0432 \u0427\u0435\u0445\u0438\u044f\",\"publisher\":{\"@id\":\"https:\\\/\\\/blgari.eu\\\/#organization\"},\"alternateName\":\"\u0441\u043f\u0438\u0441\u0430\u043d\u0438\u0435 \u0411\u044a\u043b\u0433\u0430\u0440\u0438\",\"potentialAction\":[{\"@type\":\"SearchAction\",\"target\":{\"@type\":\"EntryPoint\",\"urlTemplate\":\"https:\\\/\\\/blgari.eu\\\/?s={search_term_string}\"},\"query-input\":{\"@type\":\"PropertyValueSpecification\",\"valueRequired\":true,\"valueName\":\"search_term_string\"}}],\"inLanguage\":\"cs\"},{\"@type\":\"Organization\",\"@id\":\"https:\\\/\\\/blgari.eu\\\/#organization\",\"name\":\"\u0413\u0440\u0430\u0436\u0434\u0430\u043d\u0441\u043a\u043e \u0421\u0434\u0440\u0443\u0436\u0435\u043d\u0438\u0435 \u0412\u044a\u0437\u0440\u0430\u0436\u0434\u0430\u043d\u0435\",\"url\":\"https:\\\/\\\/blgari.eu\\\/\",\"logo\":{\"@type\":\"ImageObject\",\"inLanguage\":\"cs\",\"@id\":\"https:\\\/\\\/blgari.eu\\\/#\\\/schema\\\/logo\\\/image\\\/\",\"url\":\"https:\\\/\\\/blgari.eu\\\/wp-content\\\/uploads\\\/2025\\\/10\\\/cropped-cropped-logo-1.png\",\"contentUrl\":\"https:\\\/\\\/blgari.eu\\\/wp-content\\\/uploads\\\/2025\\\/10\\\/cropped-cropped-logo-1.png\",\"width\":511,\"height\":183,\"caption\":\"\u0413\u0440\u0430\u0436\u0434\u0430\u043d\u0441\u043a\u043e \u0421\u0434\u0440\u0443\u0436\u0435\u043d\u0438\u0435 \u0412\u044a\u0437\u0440\u0430\u0436\u0434\u0430\u043d\u0435\"},\"image\":{\"@id\":\"https:\\\/\\\/blgari.eu\\\/#\\\/schema\\\/logo\\\/image\\\/\"}}]}<\/script>\n<!-- \/ Yoast SEO plugin. -->","yoast_head_json":{"title":"\u041a\u043e\u043d\u0442\u0430\u043a\u0442\u0438 - \u0411\u042a\u041b\u0413\u0410\u0420\u0418 \u0441\u043f\u0438\u0441\u0430\u043d\u0438\u0435 \u0437\u0430 \u0411\u044a\u043b\u0433\u0430\u0440\u0438\u0442\u0435 \u0432 \u0427\u0435\u0445\u0438\u044f","robots":{"index":"index","follow":"follow","max-snippet":"max-snippet:-1","max-image-preview":"max-image-preview:large","max-video-preview":"max-video-preview:-1"},"canonical":"https:\/\/blgari.eu\/cs\/\u043a\u043e\u043d\u0442\u0430\u043a\u0442\u0438\/","og_locale":"cs_CZ","og_type":"article","og_title":"\u041a\u043e\u043d\u0442\u0430\u043a\u0442\u0438 - \u0411\u042a\u041b\u0413\u0410\u0420\u0418 \u0441\u043f\u0438\u0441\u0430\u043d\u0438\u0435 \u0437\u0430 \u0411\u044a\u043b\u0433\u0430\u0440\u0438\u0442\u0435 \u0432 \u0427\u0435\u0445\u0438\u044f","og_description":"\u0421\u0432\u044a\u0440\u0436\u0435\u0442\u0435 \u0441\u0435 \u0441 \u043d\u0430\u0441 EMAIL balgari@atlas.cz \u0422\u0435\u043b\u0435\u0444\u043e\u043d \u043d\u043e\u043c\u0435\u0440 00420\/ 777 196 322 \u0410\u0434\u0440\u0435\u0441 o.s. Vazra\u017edane Vocelova 3 120 00 Praha 2 Facebook \u041d\u0430\u043f\u0438\u0448\u0435\u0442\u0435 \u043d\u0438 Copyright \u00a9 | Powered by","og_url":"https:\/\/blgari.eu\/cs\/\u043a\u043e\u043d\u0442\u0430\u043a\u0442\u0438\/","og_site_name":"\u0411\u042a\u041b\u0413\u0410\u0420\u0418 \u0441\u043f\u0438\u0441\u0430\u043d\u0438\u0435 \u0437\u0430 \u0411\u044a\u043b\u0433\u0430\u0440\u0438\u0442\u0435 \u0432 \u0427\u0435\u0445\u0438\u044f","article_modified_time":"2026-03-24T12:56:16+00:00","og_image":[{"width":1024,"height":1024,"url":"https:\/\/blgari.eu\/wp-content\/uploads\/2025\/10\/logo.png","type":"image\/png"}],"twitter_card":"summary_large_image","twitter_misc":{"Odhadovan\u00e1 doba \u010dten\u00ed":"1 minuta"},"schema":{"@context":"https:\/\/schema.org","@graph":[{"@type":"WebPage","@id":"https:\/\/blgari.eu\/%d0%ba%d0%be%d0%bd%d1%82%d0%b0%d0%ba%d1%82%d0%b8\/","url":"https:\/\/blgari.eu\/%d0%ba%d0%be%d0%bd%d1%82%d0%b0%d0%ba%d1%82%d0%b8\/","name":"\u041a\u043e\u043d\u0442\u0430\u043a\u0442\u0438 - \u0411\u042a\u041b\u0413\u0410\u0420\u0418 \u0441\u043f\u0438\u0441\u0430\u043d\u0438\u0435 \u0437\u0430 \u0411\u044a\u043b\u0433\u0430\u0440\u0438\u0442\u0435 \u0432 \u0427\u0435\u0445\u0438\u044f","isPartOf":{"@id":"https:\/\/blgari.eu\/#website"},"datePublished":"2025-10-22T09:36:42+00:00","dateModified":"2026-03-24T12:56:16+00:00","breadcrumb":{"@id":"https:\/\/blgari.eu\/%d0%ba%d0%be%d0%bd%d1%82%d0%b0%d0%ba%d1%82%d0%b8\/#breadcrumb"},"inLanguage":"cs","potentialAction":[{"@type":"ReadAction","target":["https:\/\/blgari.eu\/%d0%ba%d0%be%d0%bd%d1%82%d0%b0%d0%ba%d1%82%d0%b8\/"]}]},{"@type":"BreadcrumbList","@id":"https:\/\/blgari.eu\/%d0%ba%d0%be%d0%bd%d1%82%d0%b0%d0%ba%d1%82%d0%b8\/#breadcrumb","itemListElement":[{"@type":"ListItem","position":1,"name":"Home","item":"https:\/\/blgari.eu\/"},{"@type":"ListItem","position":2,"name":"\u041a\u043e\u043d\u0442\u0430\u043a\u0442\u0438"}]},{"@type":"WebSite","@id":"https:\/\/blgari.eu\/#website","url":"https:\/\/blgari.eu\/","name":"\u0411\u042a\u041b\u0413\u0410\u0420\u0418 \u0441\u043f\u0438\u0441\u0430\u043d\u0438\u0435 \u0437\u0430 \u0411\u044a\u043b\u0433\u0430\u0440\u0438\u0442\u0435 \u0432 \u0427\u0435\u0445\u0438\u044f","description":"\u0421\u043f\u0438\u0441\u0430\u043d\u0438\u0435 \u0437\u0430 \u0431\u044a\u043b\u0433\u0430\u0440\u0438\u0442\u0435 \u0432 \u0427\u0435\u0445\u0438\u044f","publisher":{"@id":"https:\/\/blgari.eu\/#organization"},"alternateName":"\u0441\u043f\u0438\u0441\u0430\u043d\u0438\u0435 \u0411\u044a\u043b\u0433\u0430\u0440\u0438","potentialAction":[{"@type":"SearchAction","target":{"@type":"EntryPoint","urlTemplate":"https:\/\/blgari.eu\/?s={search_term_string}"},"query-input":{"@type":"PropertyValueSpecification","valueRequired":true,"valueName":"search_term_string"}}],"inLanguage":"cs"},{"@type":"Organization","@id":"https:\/\/blgari.eu\/#organization","name":"\u0413\u0440\u0430\u0436\u0434\u0430\u043d\u0441\u043a\u043e \u0421\u0434\u0440\u0443\u0436\u0435\u043d\u0438\u0435 \u0412\u044a\u0437\u0440\u0430\u0436\u0434\u0430\u043d\u0435","url":"https:\/\/blgari.eu\/","logo":{"@type":"ImageObject","inLanguage":"cs","@id":"https:\/\/blgari.eu\/#\/schema\/logo\/image\/","url":"https:\/\/blgari.eu\/wp-content\/uploads\/2025\/10\/cropped-cropped-logo-1.png","contentUrl":"https:\/\/blgari.eu\/wp-content\/uploads\/2025\/10\/cropped-cropped-logo-1.png","width":511,"height":183,"caption":"\u0413\u0440\u0430\u0436\u0434\u0430\u043d\u0441\u043a\u043e \u0421\u0434\u0440\u0443\u0436\u0435\u043d\u0438\u0435 \u0412\u044a\u0437\u0440\u0430\u0436\u0434\u0430\u043d\u0435"},"image":{"@id":"https:\/\/blgari.eu\/#\/schema\/logo\/image\/"}}]}},"uagb_featured_image_src":{"full":false,"thumbnail":false,"medium":false,"medium_large":false,"large":false,"1536x1536":false,"2048x2048":false,"trp-custom-language-flag":false},"uagb_author_info":{"display_name":"blgarieu","author_link":"https:\/\/blgari.eu\/cs\/author\/blgarieu\/"},"uagb_comment_info":0,"uagb_excerpt":"\u0421\u0432\u044a\u0440\u0436\u0435\u0442\u0435 \u0441\u0435 \u0441 \u043d\u0430\u0441 EMAIL balgari@atlas.cz \u0422\u0435\u043b\u0435\u0444\u043e\u043d \u043d\u043e\u043c\u0435\u0440 00420\/ 777 196 322 \u0410\u0434\u0440\u0435\u0441 o.s. Vazra\u017edane Vocelova 3 120 00 Praha 2 Facebook \u041d\u0430\u043f\u0438\u0448\u0435\u0442\u0435 \u043d\u0438 Copyright \u00a9 | Powered by","_links":{"self":[{"href":"https:\/\/blgari.eu\/cs\/wp-json\/wp\/v2\/pages\/1320","targetHints":{"allow":["GET"]}}],"collection":[{"href":"https:\/\/blgari.eu\/cs\/wp-json\/wp\/v2\/pages"}],"about":[{"href":"https:\/\/blgari.eu\/cs\/wp-json\/wp\/v2\/types\/page"}],"author":[{"embeddable":true,"href":"https:\/\/blgari.eu\/cs\/wp-json\/wp\/v2\/users\/1"}],"replies":[{"embeddable":true,"href":"https:\/\/blgari.eu\/cs\/wp-json\/wp\/v2\/comments?post=1320"}],"version-history":[{"count":16,"href":"https:\/\/blgari.eu\/cs\/wp-json\/wp\/v2\/pages\/1320\/revisions"}],"predecessor-version":[{"id":3998,"href":"https:\/\/blgari.eu\/cs\/wp-json\/wp\/v2\/pages\/1320\/revisions\/3998"}],"wp:attachment":[{"href":"https:\/\/blgari.eu\/cs\/wp-json\/wp\/v2\/media?parent=1320"}],"curies":[{"name":"wp","href":"https:\/\/api.w.org\/{rel}","templated":true}]}}